{"id":184,"date":"2023-12-11T17:36:46","date_gmt":"2023-12-11T17:36:46","guid":{"rendered":"https:\/\/kaskoosiguranje.com\/?page_id=184"},"modified":"2023-12-16T19:55:45","modified_gmt":"2023-12-16T19:55:45","slug":"cena-kasko-osiguranja","status":"publish","type":"page","link":"https:\/\/kaskoosiguranje.com\/index.php\/cena-kasko-osiguranja\/","title":{"rendered":"Cena kasko osiguranja"},"content":{"rendered":"\t\t<div data-elementor-type=\"wp-page\" data-elementor-id=\"184\" class=\"elementor elementor-184\" data-elementor-post-type=\"page\">\n\t\t\t\t\t\t\t<div class=\"elementor-element elementor-element-51cda8a e-flex e-con-boxed e-con e-parent\" data-id=\"51cda8a\" data-element_type=\"container\" data-settings=\"{&quot;background_background&quot;:&quot;classic&quot;,&quot;content_width&quot;:&quot;boxed&quot;}\" data-core-v316-plus=\"true\">\n\t\t\t\t\t<div class=\"e-con-inner\">\n\t\t<div class=\"elementor-element elementor-element-fa782fc e-con-full e-flex e-con e-child\" data-id=\"fa782fc\" data-element_type=\"container\" data-settings=\"{&quot;content_width&quot;:&quot;full&quot;}\">\n\t\t\t\t<div class=\"elementor-element elementor-element-59d1494 elementor-invisible elementor-widget elementor-widget-image\" data-id=\"59d1494\" data-element_type=\"widget\" data-settings=\"{&quot;_animation&quot;:&quot;fadeInUp&quot;}\" data-widget_type=\"image.default\">\n\t\t\t\t<div class=\"elementor-widget-container\">\n\t\t\t<style>\/*! elementor - v3.18.0 - 08-12-2023 *\/\n.elementor-widget-image{text-align:center}.elementor-widget-image a{display:inline-block}.elementor-widget-image a img[src$=\".svg\"]{width:48px}.elementor-widget-image img{vertical-align:middle;display:inline-block}<\/style>\t\t\t\t\t\t\t\t\t\t\t\t<img fetchpriority=\"high\" decoding=\"async\" width=\"800\" height=\"533\" src=\"https:\/\/kaskoosiguranje.com\/wp-content\/uploads\/2023\/12\/cena.jpg\" class=\"attachment-large size-large wp-image-195\" alt=\"\" srcset=\"https:\/\/kaskoosiguranje.com\/wp-content\/uploads\/2023\/12\/cena.jpg 800w, https:\/\/kaskoosiguranje.com\/wp-content\/uploads\/2023\/12\/cena-300x200.jpg 300w, https:\/\/kaskoosiguranje.com\/wp-content\/uploads\/2023\/12\/cena-768x512.jpg 768w, https:\/\/kaskoosiguranje.com\/wp-content\/uploads\/2023\/12\/cena-650x433.jpg 650w\" sizes=\"(max-width: 800px) 100vw, 800px\" \/>\t\t\t\t\t\t\t\t\t\t\t\t\t\t\t<\/div>\n\t\t\t\t<\/div>\n\t\t\t\t<\/div>\n\t\t<div class=\"elementor-element elementor-element-c010814 e-con-full e-flex e-con e-child\" data-id=\"c010814\" data-element_type=\"container\" data-settings=\"{&quot;content_width&quot;:&quot;full&quot;}\">\n\t\t\t\t<div class=\"elementor-element elementor-element-f8b3546 elementor-invisible elementor-widget elementor-widget-text-editor\" data-id=\"f8b3546\" data-element_type=\"widget\" data-settings=\"{&quot;_animation&quot;:&quot;fadeInUp&quot;}\" data-widget_type=\"text-editor.default\">\n\t\t\t\t<div class=\"elementor-widget-container\">\n\t\t\t<style>\/*! elementor - v3.18.0 - 08-12-2023 *\/\n.elementor-widget-text-editor.elementor-drop-cap-view-stacked .elementor-drop-cap{background-color:#69727d;color:#fff}.elementor-widget-text-editor.elementor-drop-cap-view-framed .elementor-drop-cap{color:#69727d;border:3px solid;background-color:transparent}.elementor-widget-text-editor:not(.elementor-drop-cap-view-default) .elementor-drop-cap{margin-top:8px}.elementor-widget-text-editor:not(.elementor-drop-cap-view-default) .elementor-drop-cap-letter{width:1em;height:1em}.elementor-widget-text-editor .elementor-drop-cap{float:left;text-align:center;line-height:1;font-size:50px}.elementor-widget-text-editor .elementor-drop-cap-letter{display:inline-block}<\/style>\t\t\t\t<div class=\"one_half ui-sortable-handle\" data-folder=\"column\" data-type=\"\"><div data-folder=\"text\" data-type=\"\"><div class=\"one_half ui-sortable-handle\" data-folder=\"column\" data-type=\"\"><div data-folder=\"text\" data-type=\"\"><p><strong>Cena kasko osiguranja<\/strong> zavisi od raznih faktora kao \u0161to su: marka i model automobila, snaga motora, da li je vozilo polovno ili novo, namene vozila, \u0161irine pokri\u0107a rizika, teritorije.<\/p><br \/><p>Kod kasko osiguranja imate pravo na smanjenje premije (BONUS ) ako u toku godinu dana ili vi\u0161e dok je trajalo osiguranje niste imali ni jednu \u0161tetu na vozilu.<\/p><br \/><p>Ukoliko ste imali ve\u0107i broj \u0161teta na osnovu kasko osiguranja, osigurava\u010d ima pravo da u narednom periodu zara\u010duna vi\u0161u premiju (MALUS).<\/p><\/div><\/div><\/div><\/div>\t\t\t\t\t\t<\/div>\n\t\t\t\t<\/div>\n\t\t\t\t<\/div>\n\t\t\t\t\t<\/div>\n\t\t\t\t<\/div>\n\t\t<div class=\"elementor-element elementor-element-10125f0 e-flex e-con-boxed e-con e-parent\" data-id=\"10125f0\" data-element_type=\"container\" data-settings=\"{&quot;background_background&quot;:&quot;classic&quot;,&quot;content_width&quot;:&quot;boxed&quot;}\" data-core-v316-plus=\"true\">\n\t\t\t\t\t<div class=\"e-con-inner\">\n\t\t\t\t<div data-ep-wrapper-link=\"{&quot;url&quot;:&quot;https:\\\/\\\/www.grawe.rs\\\/potpuno-kasko-osiguranje\\\/&quot;,&quot;is_external&quot;:&quot;&quot;,&quot;nofollow&quot;:&quot;&quot;,&quot;custom_attributes&quot;:&quot;&quot;}\" style=\"cursor: pointer\" class=\"bdt-element-link elementor-element elementor-element-4139de0 elementor-invisible elementor-widget elementor-widget-image\" data-id=\"4139de0\" data-element_type=\"widget\" data-settings=\"{&quot;_animation&quot;:&quot;fadeIn&quot;}\" data-widget_type=\"image.default\">\n\t\t\t\t<div class=\"elementor-widget-container\">\n\t\t\t\t\t\t\t\t\t\t\t\t\t\t\t<img decoding=\"async\" width=\"970\" height=\"250\" src=\"https:\/\/kaskoosiguranje.com\/wp-content\/uploads\/2023\/12\/KASKO-970x250px.jpg\" class=\"attachment-large size-large wp-image-102\" alt=\"\" srcset=\"https:\/\/kaskoosiguranje.com\/wp-content\/uploads\/2023\/12\/KASKO-970x250px.jpg 970w, https:\/\/kaskoosiguranje.com\/wp-content\/uploads\/2023\/12\/KASKO-970x250px-300x77.jpg 300w, https:\/\/kaskoosiguranje.com\/wp-content\/uploads\/2023\/12\/KASKO-970x250px-768x198.jpg 768w, https:\/\/kaskoosiguranje.com\/wp-content\/uploads\/2023\/12\/KASKO-970x250px-650x168.jpg 650w\" sizes=\"(max-width: 970px) 100vw, 970px\" \/>\t\t\t\t\t\t\t\t\t\t\t\t\t\t\t<\/div>\n\t\t\t\t<\/div>\n\t\t\t\t\t<\/div>\n\t\t\t\t<\/div>\n\t\t\t\t\t\t\t<\/div>\n\t\t","protected":false},"excerpt":{"rendered":"<p>Cena kasko osiguranja zavisi od raznih faktora kao \u0161to su: marka i [&hellip;]<\/p>\n","protected":false},"author":1,"featured_media":0,"parent":0,"menu_order":0,"comment_status":"closed","ping_status":"closed","template":"","meta":{"footnotes":""},"class_list":["post-184","page","type-page","status-publish","hentry"],"_links":{"self":[{"href":"https:\/\/kaskoosiguranje.com\/index.php\/wp-json\/wp\/v2\/pages\/184","targetHints":{"allow":["GET"]}}],"collection":[{"href":"https:\/\/kaskoosiguranje.com\/index.php\/wp-json\/wp\/v2\/pages"}],"about":[{"href":"https:\/\/kaskoosiguranje.com\/index.php\/wp-json\/wp\/v2\/types\/page"}],"author":[{"embeddable":true,"href":"https:\/\/kaskoosiguranje.com\/index.php\/wp-json\/wp\/v2\/users\/1"}],"replies":[{"embeddable":true,"href":"https:\/\/kaskoosiguranje.com\/index.php\/wp-json\/wp\/v2\/comments?post=184"}],"version-history":[{"count":19,"href":"https:\/\/kaskoosiguranje.com\/index.php\/wp-json\/wp\/v2\/pages\/184\/revisions"}],"predecessor-version":[{"id":316,"href":"https:\/\/kaskoosiguranje.com\/index.php\/wp-json\/wp\/v2\/pages\/184\/revisions\/316"}],"wp:attachment":[{"href":"https:\/\/kaskoosiguranje.com\/index.php\/wp-json\/wp\/v2\/media?parent=184"}],"curies":[{"name":"wp","href":"https:\/\/api.w.org\/{rel}","templated":true}]}}